{"id":370,"date":"2019-10-24T16:18:21","date_gmt":"2019-10-24T16:18:21","guid":{"rendered":"http:\/\/synergy-porto.com\/?page_id=370"},"modified":"2025-05-27T18:26:00","modified_gmt":"2025-05-27T18:26:00","slug":"escritorio-para-1-a-2-pessoas","status":"publish","type":"page","link":"https:\/\/synergy-porto.com\/en\/escritorio-para-1-a-2-pessoas\/","title":{"rendered":"Office for 1 to 2 people"},"content":{"rendered":"<figure class=\"wp-block-image size-large\"><img loading=\"lazy\" decoding=\"async\" width=\"1024\" height=\"683\" src=\"https:\/\/synergy-porto.com\/wp-content\/uploads\/2018\/11\/escritorio-6m2-1-1024x683.jpg\" alt=\"Escrit\u00f3rio 6m2 Synergy\" class=\"wp-image-1286\" srcset=\"https:\/\/synergy-porto.com\/wp-content\/uploads\/2018\/11\/escritorio-6m2-1-1024x683.jpg 1024w, https:\/\/synergy-porto.com\/wp-content\/uploads\/2018\/11\/escritorio-6m2-1-300x200.jpg 300w, https:\/\/synergy-porto.com\/wp-content\/uploads\/2018\/11\/escritorio-6m2-1-768x512.jpg 768w, https:\/\/synergy-porto.com\/wp-content\/uploads\/2018\/11\/escritorio-6m2-1-32x21.jpg 32w, https:\/\/synergy-porto.com\/wp-content\/uploads\/2018\/11\/escritorio-6m2-1-100x67.jpg 100w, https:\/\/synergy-porto.com\/wp-content\/uploads\/2018\/11\/escritorio-6m2-1-250x167.jpg 250w, https:\/\/synergy-porto.com\/wp-content\/uploads\/2018\/11\/escritorio-6m2-1-500x333.jpg 500w, https:\/\/synergy-porto.com\/wp-content\/uploads\/2018\/11\/escritorio-6m2-1-1536x1024.jpg 1536w, https:\/\/synergy-porto.com\/wp-content\/uploads\/2018\/11\/escritorio-6m2-1-260x173.jpg 260w, https:\/\/synergy-porto.com\/wp-content\/uploads\/2018\/11\/escritorio-6m2-1.jpg 1920w\" sizes=\"auto, (max-width: 1024px) 100vw, 1024px\" \/><figcaption class=\"wp-element-caption\">Office<\/figcaption><\/figure>\n\n\n\n<p>The office has 6m2 and is ideal for a person who makes frequent consultations or meetings or for a maximum of 2 people.<\/p>\n\n\n\n<p>It is furnished with 1 sofa, 1 table, 1 office chair, 1 chair (optional) and 1 bookcase.<\/p>\n\n\n\n<h2 class=\"wp-block-heading\">Office conditions:<\/h2>\n\n\n\n<ul class=\"wp-block-list\">\n<li>24h\/7 access,<\/li>\n\n\n\n<li>Fast Internet (10 Gbps)<\/li>\n\n\n\n<li>coffee and water included,<\/li>\n\n\n\n<li>access to <a class=\"rank-math-link\" href=\"https:\/\/synergy-porto.com\/en\/sala-de-reunioes\/\"><span class=\"has-inline-color has-luminous-vivid-orange-color\">meeting room<\/span><\/a> and all the common areas<\/li>\n\n\n\n<li>cleaning included,<\/li>\n\n\n\n<li>A4 and A3 wifi color printer,<\/li>\n\n\n\n<li>mail reception,<\/li>\n\n\n\n<li>fiscal address,<\/li>\n\n\n\n<li>passas a fazer parte da nossa comunidade.<\/li>\n<\/ul>\n\n\n\n<h2 class=\"wp-block-heading\">Price:<\/h2>\n\n\n\n<p><strong>Valor mensal 255\u20ac + IVA<\/strong> (313.65\u20ac)<br>Minimum 6 months contract.<\/p>","protected":false},"excerpt":{"rendered":"<p>O escrit\u00f3rio tem 6m2 e \u00e9 ideal para uma pessoa que d\u00ea consultas ou fa\u00e7a reuni\u00f5es frequentemente ou para um m\u00e1ximo de 2 pessoas. Est\u00e1 mobilado com 1 sof\u00e1, 1 mesa, 1 cadeira de escrit\u00f3rio, 1 cadeira (opcional) e 1 estante. Condi\u00e7\u00f5es do escrit\u00f3rio: Valor: Valor mensal 255\u20ac + IVA (313.65\u20ac)Contratos m\u00ednimos de 6 meses.<\/p>","protected":false},"author":1,"featured_media":0,"parent":0,"menu_order":0,"comment_status":"closed","ping_status":"closed","template":"","meta":{"footnotes":""},"class_list":["post-370","page","type-page","status-publish","hentry"],"yoast_head":"<!-- This site is optimized with the Yoast SEO plugin v27.5 - https:\/\/yoast.com\/product\/yoast-seo-wordpress\/ -->\n<title>Escrit\u00f3rio para 1 a 2 pessoas - Synergy<\/title>\n<meta name=\"robots\" content=\"index, follow, max-snippet:-1, max-image-preview:large, max-video-preview:-1\" \/>\n<link rel=\"canonical\" href=\"https:\/\/synergy-porto.com\/en\/escritorio-para-1-a-2-pessoas\/\" \/>\n<meta property=\"og:locale\" content=\"en_GB\" \/>\n<meta property=\"og:type\" content=\"article\" \/>\n<meta property=\"og:title\" content=\"Escrit\u00f3rio para 1 a 2 pessoas - Synergy\" \/>\n<meta property=\"og:description\" content=\"O escrit\u00f3rio tem 6m2 e \u00e9 ideal para uma pessoa que d\u00ea consultas ou fa\u00e7a reuni\u00f5es frequentemente ou para um m\u00e1ximo de 2 pessoas. Est\u00e1 mobilado com 1 sof\u00e1, 1 mesa, 1 cadeira de escrit\u00f3rio, 1 cadeira (opcional) e 1 estante. Condi\u00e7\u00f5es do escrit\u00f3rio: Valor: Valor mensal 255\u20ac + IVA (313.65\u20ac)Contratos m\u00ednimos de 6 meses.\" \/>\n<meta property=\"og:url\" content=\"https:\/\/synergy-porto.com\/en\/escritorio-para-1-a-2-pessoas\/\" \/>\n<meta property=\"og:site_name\" content=\"Synergy\" \/>\n<meta property=\"article:modified_time\" content=\"2025-05-27T18:26:00+00:00\" \/>\n<meta property=\"og:image\" content=\"https:\/\/synergy-porto.com\/wp-content\/uploads\/2018\/11\/escritorio-6m2-1.jpg\" \/>\n\t<meta property=\"og:image:width\" content=\"1920\" \/>\n\t<meta property=\"og:image:height\" content=\"1280\" \/>\n\t<meta property=\"og:image:type\" content=\"image\/jpeg\" \/>\n<meta name=\"twitter:card\" content=\"summary_large_image\" \/>\n<meta name=\"twitter:label1\" content=\"Estimated reading time\" \/>\n\t<meta name=\"twitter:data1\" content=\"1 minute\" \/>\n<script type=\"application\/ld+json\" class=\"yoast-schema-graph\">{\"@context\":\"https:\\\/\\\/schema.org\",\"@graph\":[{\"@type\":\"WebPage\",\"@id\":\"https:\\\/\\\/synergy-porto.com\\\/escritorio-para-1-a-2-pessoas\\\/\",\"url\":\"https:\\\/\\\/synergy-porto.com\\\/escritorio-para-1-a-2-pessoas\\\/\",\"name\":\"Escrit\u00f3rio para 1 a 2 pessoas - Synergy\",\"isPartOf\":{\"@id\":\"https:\\\/\\\/synergy-porto.com\\\/#website\"},\"primaryImageOfPage\":{\"@id\":\"https:\\\/\\\/synergy-porto.com\\\/escritorio-para-1-a-2-pessoas\\\/#primaryimage\"},\"image\":{\"@id\":\"https:\\\/\\\/synergy-porto.com\\\/escritorio-para-1-a-2-pessoas\\\/#primaryimage\"},\"thumbnailUrl\":\"https:\\\/\\\/synergy-porto.com\\\/wp-content\\\/uploads\\\/2018\\\/11\\\/escritorio-6m2-1-1024x683.jpg\",\"datePublished\":\"2019-10-24T16:18:21+00:00\",\"dateModified\":\"2025-05-27T18:26:00+00:00\",\"breadcrumb\":{\"@id\":\"https:\\\/\\\/synergy-porto.com\\\/escritorio-para-1-a-2-pessoas\\\/#breadcrumb\"},\"inLanguage\":\"en-GB\",\"potentialAction\":[{\"@type\":\"ReadAction\",\"target\":[\"https:\\\/\\\/synergy-porto.com\\\/escritorio-para-1-a-2-pessoas\\\/\"]}]},{\"@type\":\"ImageObject\",\"inLanguage\":\"en-GB\",\"@id\":\"https:\\\/\\\/synergy-porto.com\\\/escritorio-para-1-a-2-pessoas\\\/#primaryimage\",\"url\":\"https:\\\/\\\/synergy-porto.com\\\/wp-content\\\/uploads\\\/2018\\\/11\\\/escritorio-6m2-1-1024x683.jpg\",\"contentUrl\":\"https:\\\/\\\/synergy-porto.com\\\/wp-content\\\/uploads\\\/2018\\\/11\\\/escritorio-6m2-1-1024x683.jpg\"},{\"@type\":\"BreadcrumbList\",\"@id\":\"https:\\\/\\\/synergy-porto.com\\\/escritorio-para-1-a-2-pessoas\\\/#breadcrumb\",\"itemListElement\":[{\"@type\":\"ListItem\",\"position\":1,\"name\":\"In\u00edcio\",\"item\":\"https:\\\/\\\/synergy-porto.com\\\/\"},{\"@type\":\"ListItem\",\"position\":2,\"name\":\"Escrit\u00f3rio para 1 a 2 pessoas\"}]},{\"@type\":\"WebSite\",\"@id\":\"https:\\\/\\\/synergy-porto.com\\\/#website\",\"url\":\"https:\\\/\\\/synergy-porto.com\\\/\",\"name\":\"Synergy\",\"description\":\"Traz a tua ideia e ajudamos-te!\",\"potentialAction\":[{\"@type\":\"SearchAction\",\"target\":{\"@type\":\"EntryPoint\",\"urlTemplate\":\"https:\\\/\\\/synergy-porto.com\\\/?s={search_term_string}\"},\"query-input\":{\"@type\":\"PropertyValueSpecification\",\"valueRequired\":true,\"valueName\":\"search_term_string\"}}],\"inLanguage\":\"en-GB\"}]}<\/script>\n<!-- \/ Yoast SEO plugin. -->","yoast_head_json":{"title":"Escrit\u00f3rio para 1 a 2 pessoas - Synergy","robots":{"index":"index","follow":"follow","max-snippet":"max-snippet:-1","max-image-preview":"max-image-preview:large","max-video-preview":"max-video-preview:-1"},"canonical":"https:\/\/synergy-porto.com\/en\/escritorio-para-1-a-2-pessoas\/","og_locale":"en_GB","og_type":"article","og_title":"Escrit\u00f3rio para 1 a 2 pessoas - Synergy","og_description":"O escrit\u00f3rio tem 6m2 e \u00e9 ideal para uma pessoa que d\u00ea consultas ou fa\u00e7a reuni\u00f5es frequentemente ou para um m\u00e1ximo de 2 pessoas. Est\u00e1 mobilado com 1 sof\u00e1, 1 mesa, 1 cadeira de escrit\u00f3rio, 1 cadeira (opcional) e 1 estante. Condi\u00e7\u00f5es do escrit\u00f3rio: Valor: Valor mensal 255\u20ac + IVA (313.65\u20ac)Contratos m\u00ednimos de 6 meses.","og_url":"https:\/\/synergy-porto.com\/en\/escritorio-para-1-a-2-pessoas\/","og_site_name":"Synergy","article_modified_time":"2025-05-27T18:26:00+00:00","og_image":[{"width":1920,"height":1280,"url":"https:\/\/synergy-porto.com\/wp-content\/uploads\/2018\/11\/escritorio-6m2-1.jpg","type":"image\/jpeg"}],"twitter_card":"summary_large_image","twitter_misc":{"Estimated reading time":"1 minute"},"schema":{"@context":"https:\/\/schema.org","@graph":[{"@type":"WebPage","@id":"https:\/\/synergy-porto.com\/escritorio-para-1-a-2-pessoas\/","url":"https:\/\/synergy-porto.com\/escritorio-para-1-a-2-pessoas\/","name":"Escrit\u00f3rio para 1 a 2 pessoas - Synergy","isPartOf":{"@id":"https:\/\/synergy-porto.com\/#website"},"primaryImageOfPage":{"@id":"https:\/\/synergy-porto.com\/escritorio-para-1-a-2-pessoas\/#primaryimage"},"image":{"@id":"https:\/\/synergy-porto.com\/escritorio-para-1-a-2-pessoas\/#primaryimage"},"thumbnailUrl":"https:\/\/synergy-porto.com\/wp-content\/uploads\/2018\/11\/escritorio-6m2-1-1024x683.jpg","datePublished":"2019-10-24T16:18:21+00:00","dateModified":"2025-05-27T18:26:00+00:00","breadcrumb":{"@id":"https:\/\/synergy-porto.com\/escritorio-para-1-a-2-pessoas\/#breadcrumb"},"inLanguage":"en-GB","potentialAction":[{"@type":"ReadAction","target":["https:\/\/synergy-porto.com\/escritorio-para-1-a-2-pessoas\/"]}]},{"@type":"ImageObject","inLanguage":"en-GB","@id":"https:\/\/synergy-porto.com\/escritorio-para-1-a-2-pessoas\/#primaryimage","url":"https:\/\/synergy-porto.com\/wp-content\/uploads\/2018\/11\/escritorio-6m2-1-1024x683.jpg","contentUrl":"https:\/\/synergy-porto.com\/wp-content\/uploads\/2018\/11\/escritorio-6m2-1-1024x683.jpg"},{"@type":"BreadcrumbList","@id":"https:\/\/synergy-porto.com\/escritorio-para-1-a-2-pessoas\/#breadcrumb","itemListElement":[{"@type":"ListItem","position":1,"name":"In\u00edcio","item":"https:\/\/synergy-porto.com\/"},{"@type":"ListItem","position":2,"name":"Escrit\u00f3rio para 1 a 2 pessoas"}]},{"@type":"WebSite","@id":"https:\/\/synergy-porto.com\/#website","url":"https:\/\/synergy-porto.com\/","name":"Synergy","description":"Traz a tua ideia e ajudamos-te!","potentialAction":[{"@type":"SearchAction","target":{"@type":"EntryPoint","urlTemplate":"https:\/\/synergy-porto.com\/?s={search_term_string}"},"query-input":{"@type":"PropertyValueSpecification","valueRequired":true,"valueName":"search_term_string"}}],"inLanguage":"en-GB"}]}},"_links":{"self":[{"href":"https:\/\/synergy-porto.com\/en\/wp-json\/wp\/v2\/pages\/370","targetHints":{"allow":["GET"]}}],"collection":[{"href":"https:\/\/synergy-porto.com\/en\/wp-json\/wp\/v2\/pages"}],"about":[{"href":"https:\/\/synergy-porto.com\/en\/wp-json\/wp\/v2\/types\/page"}],"author":[{"embeddable":true,"href":"https:\/\/synergy-porto.com\/en\/wp-json\/wp\/v2\/users\/1"}],"replies":[{"embeddable":true,"href":"https:\/\/synergy-porto.com\/en\/wp-json\/wp\/v2\/comments?post=370"}],"version-history":[{"count":0,"href":"https:\/\/synergy-porto.com\/en\/wp-json\/wp\/v2\/pages\/370\/revisions"}],"wp:attachment":[{"href":"https:\/\/synergy-porto.com\/en\/wp-json\/wp\/v2\/media?parent=370"}],"curies":[{"name":"wp","href":"https:\/\/api.w.org\/{rel}","templated":true}]}}