{"id":615,"date":"2020-01-23T17:47:13","date_gmt":"2020-01-23T17:47:13","guid":{"rendered":"http:\/\/synergy-porto.com\/?page_id=615"},"modified":"2021-07-13T10:57:16","modified_gmt":"2021-07-13T10:57:16","slug":"portugal-2020","status":"publish","type":"page","link":"https:\/\/synergy-porto.com\/en\/portugal-2020\/","title":{"rendered":"Portugal 2020"},"content":{"rendered":"<figure class=\"wp-block-image size-large\"><img loading=\"lazy\" decoding=\"async\" width=\"375\" height=\"27\" src=\"http:\/\/synergy-porto.com\/wp-content\/uploads\/2020\/01\/image.png\" alt=\"\" class=\"wp-image-616\" srcset=\"https:\/\/synergy-porto.com\/wp-content\/uploads\/2020\/01\/image.png 375w, https:\/\/synergy-porto.com\/wp-content\/uploads\/2020\/01\/image-300x22.png 300w, https:\/\/synergy-porto.com\/wp-content\/uploads\/2020\/01\/image-32x2.png 32w, https:\/\/synergy-porto.com\/wp-content\/uploads\/2020\/01\/image-100x7.png 100w, https:\/\/synergy-porto.com\/wp-content\/uploads\/2020\/01\/image-250x18.png 250w, https:\/\/synergy-porto.com\/wp-content\/uploads\/2020\/01\/image-370x27.png 370w\" sizes=\"auto, (max-width: 375px) 100vw, 375px\" \/><\/figure>\n\n\n\n<p class=\"has-small-font-size\"><strong>Designa\u00e7\u00e3o do projeto<\/strong> | Cria\u00e7\u00e3o de Nova Empresa &#8211; Crunchyformula, Unipessoal, Lda <br> <strong>C\u00f3digo do projeto<\/strong> | NORTE-07-5141-FEDER-000159<br> <strong>Objetivo principal<\/strong>| Cria\u00e7\u00e3o de Empresa no Setor das Industrias Criativas<br> <strong>Regi\u00e3o de interven\u00e7\u00e3o<\/strong> | Norte<br> <strong>Entidade benefici\u00e1ria<\/strong> |514558733, CRUNCHYFORMULA &#8211; UNIPESSOAL LDA <\/p>\n\n\n\n<p class=\"has-small-font-size\"><strong>Data de aprova\u00e7\u00e3o |<\/strong> 22-02-2019<br><strong>Data de in\u00edcio |<\/strong> 16-10-2017 <br><strong>Data de conclus\u00e3o |<\/strong> 15-10-2019<br><strong>Custo total eleg\u00edvel |<\/strong> 107.742,98 EUR<br><strong>Apoio financeiro da Uni\u00e3o Europeia |<\/strong> FEDER \u2013 48.081,34 EUR<br><strong>Apoio financeiro p\u00fablico nacional\/regional |<\/strong> NA<\/p>\n\n\n\n<hr class=\"wp-block-separator\"\/>\n\n\n\n<p class=\"has-small-font-size\"><strong>Designa\u00e7\u00e3o do projeto<\/strong> | Cria\u00e7\u00e3o de Nova Empresa &#8211; Crunchyformula, Unipessoal, Lda <br> <strong>C\u00f3digo do projeto<\/strong> | NORTE-07-4740-FSE-000128<br> <strong>Objetivo principal<\/strong>| Cria\u00e7\u00e3o de Empresa no Setor das Industrias Criativas<br> <strong>Regi\u00e3o de interven\u00e7\u00e3o<\/strong> | Norte<br> <strong>Entidade benefici\u00e1ria<\/strong> |514558733, CRUNCHYFORMULA &#8211; UNIPESSOAL LDA <\/p>\n\n\n\n<p class=\"has-small-font-size\"><strong>Data de aprova\u00e7\u00e3o |<\/strong> 22-02-2019<br><strong>Data de in\u00edcio |<\/strong> 16-10-2017 <br><strong>Data de conclus\u00e3o |<\/strong> 15-05-2019<br><strong>Custo total eleg\u00edvel |<\/strong> 107.742,98 EUR<br><strong>Apoio financeiro da Uni\u00e3o Europeia |<\/strong> FSE \u2013 5.458,55\u00a0 EUR<br><strong>Apoio financeiro p\u00fablico nacional\/regional |<\/strong> 963,27 EUR<\/p>\n\n\n\n<div class=\"wp-block-media-text alignwide has-media-on-the-right is-stacked-on-mobile\" style=\"grid-template-columns:auto 33%\"><figure class=\"wp-block-media-text__media\"><img loading=\"lazy\" decoding=\"async\" width=\"1024\" height=\"684\" src=\"http:\/\/synergy-porto.com\/wp-content\/uploads\/2018\/11\/SA17589-1024x684.jpg\" alt=\"Synergy cowork\" class=\"wp-image-352 size-full\" srcset=\"https:\/\/synergy-porto.com\/wp-content\/uploads\/2018\/11\/SA17589-1024x684.jpg 1024w, https:\/\/synergy-porto.com\/wp-content\/uploads\/2018\/11\/SA17589-300x200.jpg 300w, https:\/\/synergy-porto.com\/wp-content\/uploads\/2018\/11\/SA17589-768x513.jpg 768w, https:\/\/synergy-porto.com\/wp-content\/uploads\/2018\/11\/SA17589-32x21.jpg 32w, https:\/\/synergy-porto.com\/wp-content\/uploads\/2018\/11\/SA17589-100x67.jpg 100w, https:\/\/synergy-porto.com\/wp-content\/uploads\/2018\/11\/SA17589-250x167.jpg 250w, https:\/\/synergy-porto.com\/wp-content\/uploads\/2018\/11\/SA17589-500x334.jpg 500w, https:\/\/synergy-porto.com\/wp-content\/uploads\/2018\/11\/SA17589-260x173.jpg 260w, https:\/\/synergy-porto.com\/wp-content\/uploads\/2018\/11\/SA17589.jpg 2000w\" sizes=\"auto, (max-width: 1024px) 100vw, 1024px\" \/><\/figure><div class=\"wp-block-media-text__content\">\n<h4 class=\"wp-block-heading\"><strong>Objetivos, atividades e <br> resultados esperados\/atingidos:<\/strong><\/h4>\n\n\n\n<p class=\"has-small-font-size\">Projeto de cria\u00e7\u00e3o de empresa, com o intuito de servir\na comunidade local com um espa\u00e7o cultural focado nas industrias criativas,\nprivilegiando, as artes e o design, atrav\u00e9s da cria\u00e7\u00e3o de um espa\u00e7o de coworking onde v\u00e1rios\natores possam desenvolver as suas atividades e os seus projetos de ideia e\nneg\u00f3cios, num ambiente de forte cultura criativa, onde a partilha de\nconhecimentos e de networking \u00e9 sem d\u00favida\num ponto forte e de diferencia\u00e7\u00e3o.<\/p>\n<\/div><\/div>\n\n\n\n<figure class=\"wp-block-gallery columns-3 is-cropped wp-block-gallery-1 is-layout-flex wp-block-gallery-is-layout-flex\"><ul class=\"blocks-gallery-grid\"><li class=\"blocks-gallery-item\"><figure><img loading=\"lazy\" decoding=\"async\" width=\"900\" height=\"600\" src=\"http:\/\/synergy-porto.com\/wp-content\/uploads\/2020\/01\/Synergy-Freelas-Eduardo-Almeida-net.jpg\" alt=\"\" data-id=\"619\" data-full-url=\"http:\/\/synergy-porto.com\/wp-content\/uploads\/2020\/01\/Synergy-Freelas-Eduardo-Almeida-net.jpg\" data-link=\"http:\/\/synergy-porto.com\/?attachment_id=619\" class=\"wp-image-619\" srcset=\"https:\/\/synergy-porto.com\/wp-content\/uploads\/2020\/01\/Synergy-Freelas-Eduardo-Almeida-net.jpg 900w, https:\/\/synergy-porto.com\/wp-content\/uploads\/2020\/01\/Synergy-Freelas-Eduardo-Almeida-net-300x200.jpg 300w, https:\/\/synergy-porto.com\/wp-content\/uploads\/2020\/01\/Synergy-Freelas-Eduardo-Almeida-net-768x512.jpg 768w, https:\/\/synergy-porto.com\/wp-content\/uploads\/2020\/01\/Synergy-Freelas-Eduardo-Almeida-net-32x21.jpg 32w, https:\/\/synergy-porto.com\/wp-content\/uploads\/2020\/01\/Synergy-Freelas-Eduardo-Almeida-net-100x67.jpg 100w, https:\/\/synergy-porto.com\/wp-content\/uploads\/2020\/01\/Synergy-Freelas-Eduardo-Almeida-net-250x167.jpg 250w, https:\/\/synergy-porto.com\/wp-content\/uploads\/2020\/01\/Synergy-Freelas-Eduardo-Almeida-net-500x333.jpg 500w, https:\/\/synergy-porto.com\/wp-content\/uploads\/2020\/01\/Synergy-Freelas-Eduardo-Almeida-net-260x173.jpg 260w\" sizes=\"auto, (max-width: 900px) 100vw, 900px\" \/><\/figure><\/li><li class=\"blocks-gallery-item\"><figure><img loading=\"lazy\" decoding=\"async\" width=\"1024\" height=\"922\" src=\"http:\/\/synergy-porto.com\/wp-content\/uploads\/2019\/12\/avalia-implementa-feedback-1024x922.jpg\" alt=\"pedir feedback para evoluir\" data-id=\"502\" data-full-url=\"http:\/\/synergy-porto.com\/wp-content\/uploads\/2019\/12\/avalia-implementa-feedback.jpg\" data-link=\"http:\/\/synergy-porto.com\/2019\/12\/12\/5-dicas-feedback-util\/avalia-implementa-feedback\/\" class=\"wp-image-502\" srcset=\"https:\/\/synergy-porto.com\/wp-content\/uploads\/2019\/12\/avalia-implementa-feedback-1024x922.jpg 1024w, https:\/\/synergy-porto.com\/wp-content\/uploads\/2019\/12\/avalia-implementa-feedback-300x270.jpg 300w, https:\/\/synergy-porto.com\/wp-content\/uploads\/2019\/12\/avalia-implementa-feedback-768x691.jpg 768w, https:\/\/synergy-porto.com\/wp-content\/uploads\/2019\/12\/avalia-implementa-feedback-32x29.jpg 32w, https:\/\/synergy-porto.com\/wp-content\/uploads\/2019\/12\/avalia-implementa-feedback-100x90.jpg 100w, https:\/\/synergy-porto.com\/wp-content\/uploads\/2019\/12\/avalia-implementa-feedback-250x225.jpg 250w, https:\/\/synergy-porto.com\/wp-content\/uploads\/2019\/12\/avalia-implementa-feedback-500x450.jpg 500w, https:\/\/synergy-porto.com\/wp-content\/uploads\/2019\/12\/avalia-implementa-feedback-1536x1382.jpg 1536w, https:\/\/synergy-porto.com\/wp-content\/uploads\/2019\/12\/avalia-implementa-feedback.jpg 1920w\" sizes=\"auto, (max-width: 1024px) 100vw, 1024px\" \/><\/figure><\/li><li class=\"blocks-gallery-item\"><figure><img loading=\"lazy\" decoding=\"async\" width=\"1024\" height=\"684\" src=\"http:\/\/synergy-porto.com\/wp-content\/uploads\/2018\/11\/SA17603-1024x684.jpg\" alt=\"Synergy coworking\" data-id=\"356\" data-full-url=\"http:\/\/synergy-porto.com\/wp-content\/uploads\/2018\/11\/SA17603.jpg\" data-link=\"http:\/\/synergy-porto.com\/?attachment_id=356\" class=\"wp-image-356\" srcset=\"https:\/\/synergy-porto.com\/wp-content\/uploads\/2018\/11\/SA17603-1024x684.jpg 1024w, https:\/\/synergy-porto.com\/wp-content\/uploads\/2018\/11\/SA17603-300x200.jpg 300w, https:\/\/synergy-porto.com\/wp-content\/uploads\/2018\/11\/SA17603-768x513.jpg 768w, https:\/\/synergy-porto.com\/wp-content\/uploads\/2018\/11\/SA17603-32x21.jpg 32w, https:\/\/synergy-porto.com\/wp-content\/uploads\/2018\/11\/SA17603-100x67.jpg 100w, https:\/\/synergy-porto.com\/wp-content\/uploads\/2018\/11\/SA17603-250x167.jpg 250w, https:\/\/synergy-porto.com\/wp-content\/uploads\/2018\/11\/SA17603-500x334.jpg 500w, https:\/\/synergy-porto.com\/wp-content\/uploads\/2018\/11\/SA17603-260x173.jpg 260w, https:\/\/synergy-porto.com\/wp-content\/uploads\/2018\/11\/SA17603.jpg 2000w\" sizes=\"auto, (max-width: 1024px) 100vw, 1024px\" \/><\/figure><\/li><li class=\"blocks-gallery-item\"><figure><img loading=\"lazy\" decoding=\"async\" width=\"900\" height=\"600\" src=\"http:\/\/synergy-porto.com\/wp-content\/uploads\/2020\/01\/Synergy-Freelas-Eduardo-Almeida-2net.jpg\" alt=\"\" data-id=\"618\" data-full-url=\"http:\/\/synergy-porto.com\/wp-content\/uploads\/2020\/01\/Synergy-Freelas-Eduardo-Almeida-2net.jpg\" data-link=\"http:\/\/synergy-porto.com\/?attachment_id=618\" class=\"wp-image-618\" srcset=\"https:\/\/synergy-porto.com\/wp-content\/uploads\/2020\/01\/Synergy-Freelas-Eduardo-Almeida-2net.jpg 900w, https:\/\/synergy-porto.com\/wp-content\/uploads\/2020\/01\/Synergy-Freelas-Eduardo-Almeida-2net-300x200.jpg 300w, https:\/\/synergy-porto.com\/wp-content\/uploads\/2020\/01\/Synergy-Freelas-Eduardo-Almeida-2net-768x512.jpg 768w, https:\/\/synergy-porto.com\/wp-content\/uploads\/2020\/01\/Synergy-Freelas-Eduardo-Almeida-2net-32x21.jpg 32w, https:\/\/synergy-porto.com\/wp-content\/uploads\/2020\/01\/Synergy-Freelas-Eduardo-Almeida-2net-100x67.jpg 100w, https:\/\/synergy-porto.com\/wp-content\/uploads\/2020\/01\/Synergy-Freelas-Eduardo-Almeida-2net-250x167.jpg 250w, https:\/\/synergy-porto.com\/wp-content\/uploads\/2020\/01\/Synergy-Freelas-Eduardo-Almeida-2net-500x333.jpg 500w, https:\/\/synergy-porto.com\/wp-content\/uploads\/2020\/01\/Synergy-Freelas-Eduardo-Almeida-2net-260x173.jpg 260w\" sizes=\"auto, (max-width: 900px) 100vw, 900px\" \/><\/figure><\/li><\/ul><\/figure>","protected":false},"excerpt":{"rendered":"<p>Designa\u00e7\u00e3o do projeto | Cria\u00e7\u00e3o de Nova Empresa &#8211; Crunchyformula, Unipessoal, Lda C\u00f3digo do projeto | NORTE-07-5141-FEDER-000159 Objetivo principal| Cria\u00e7\u00e3o de Empresa no Setor das Industrias Criativas Regi\u00e3o de interven\u00e7\u00e3o | Norte Entidade benefici\u00e1ria |514558733, CRUNCHYFORMULA &#8211; UNIPESSOAL LDA Data de aprova\u00e7\u00e3o | 22-02-2019Data de in\u00edcio | 16-10-2017 Data de conclus\u00e3o | 15-10-2019Custo total eleg\u00edvel&#8230;<\/p>","protected":false},"author":1,"featured_media":0,"parent":0,"menu_order":0,"comment_status":"closed","ping_status":"closed","template":"","meta":{"footnotes":""},"class_list":["post-615","page","type-page","status-publish","hentry"],"yoast_head":"<!-- This site is optimized with the Yoast SEO plugin v27.4 - https:\/\/yoast.com\/product\/yoast-seo-wordpress\/ -->\n<title>Portugal 2020 - Synergy<\/title>\n<meta name=\"robots\" content=\"index, follow, max-snippet:-1, max-image-preview:large, max-video-preview:-1\" \/>\n<link rel=\"canonical\" href=\"https:\/\/synergy-porto.com\/en\/portugal-2020\/\" \/>\n<meta property=\"og:locale\" content=\"en_GB\" \/>\n<meta property=\"og:type\" content=\"article\" \/>\n<meta property=\"og:title\" content=\"Portugal 2020 - Synergy\" \/>\n<meta property=\"og:description\" content=\"Designa\u00e7\u00e3o do projeto | Cria\u00e7\u00e3o de Nova Empresa &#8211; Crunchyformula, Unipessoal, Lda C\u00f3digo do projeto | NORTE-07-5141-FEDER-000159 Objetivo principal| Cria\u00e7\u00e3o de Empresa no Setor das Industrias Criativas Regi\u00e3o de interven\u00e7\u00e3o | Norte Entidade benefici\u00e1ria |514558733, CRUNCHYFORMULA &#8211; UNIPESSOAL LDA Data de aprova\u00e7\u00e3o | 22-02-2019Data de in\u00edcio | 16-10-2017 Data de conclus\u00e3o | 15-10-2019Custo total eleg\u00edvel...\" \/>\n<meta property=\"og:url\" content=\"https:\/\/synergy-porto.com\/en\/portugal-2020\/\" \/>\n<meta property=\"og:site_name\" content=\"Synergy\" \/>\n<meta property=\"article:modified_time\" content=\"2021-07-13T10:57:16+00:00\" \/>\n<meta property=\"og:image\" content=\"http:\/\/synergy-porto.com\/wp-content\/uploads\/2020\/01\/image.png\" \/>\n<meta name=\"twitter:card\" content=\"summary_large_image\" \/>\n<meta name=\"twitter:label1\" content=\"Estimated reading time\" \/>\n\t<meta name=\"twitter:data1\" content=\"3 minutes\" \/>\n<script type=\"application\/ld+json\" class=\"yoast-schema-graph\">{\"@context\":\"https:\\\/\\\/schema.org\",\"@graph\":[{\"@type\":\"WebPage\",\"@id\":\"https:\\\/\\\/synergy-porto.com\\\/en\\\/portugal-2020\\\/\",\"url\":\"https:\\\/\\\/synergy-porto.com\\\/en\\\/portugal-2020\\\/\",\"name\":\"Portugal 2020 - Synergy\",\"isPartOf\":{\"@id\":\"https:\\\/\\\/synergy-porto.com\\\/#website\"},\"primaryImageOfPage\":{\"@id\":\"https:\\\/\\\/synergy-porto.com\\\/en\\\/portugal-2020\\\/#primaryimage\"},\"image\":{\"@id\":\"https:\\\/\\\/synergy-porto.com\\\/en\\\/portugal-2020\\\/#primaryimage\"},\"thumbnailUrl\":\"http:\\\/\\\/synergy-porto.com\\\/wp-content\\\/uploads\\\/2020\\\/01\\\/image.png\",\"datePublished\":\"2020-01-23T17:47:13+00:00\",\"dateModified\":\"2021-07-13T10:57:16+00:00\",\"breadcrumb\":{\"@id\":\"https:\\\/\\\/synergy-porto.com\\\/en\\\/portugal-2020\\\/#breadcrumb\"},\"inLanguage\":\"en-GB\",\"potentialAction\":[{\"@type\":\"ReadAction\",\"target\":[\"https:\\\/\\\/synergy-porto.com\\\/en\\\/portugal-2020\\\/\"]}]},{\"@type\":\"ImageObject\",\"inLanguage\":\"en-GB\",\"@id\":\"https:\\\/\\\/synergy-porto.com\\\/en\\\/portugal-2020\\\/#primaryimage\",\"url\":\"http:\\\/\\\/synergy-porto.com\\\/wp-content\\\/uploads\\\/2020\\\/01\\\/image.png\",\"contentUrl\":\"http:\\\/\\\/synergy-porto.com\\\/wp-content\\\/uploads\\\/2020\\\/01\\\/image.png\"},{\"@type\":\"BreadcrumbList\",\"@id\":\"https:\\\/\\\/synergy-porto.com\\\/en\\\/portugal-2020\\\/#breadcrumb\",\"itemListElement\":[{\"@type\":\"ListItem\",\"position\":1,\"name\":\"In\u00edcio\",\"item\":\"https:\\\/\\\/synergy-porto.com\\\/\"},{\"@type\":\"ListItem\",\"position\":2,\"name\":\"Portugal 2020\"}]},{\"@type\":\"WebSite\",\"@id\":\"https:\\\/\\\/synergy-porto.com\\\/#website\",\"url\":\"https:\\\/\\\/synergy-porto.com\\\/\",\"name\":\"Synergy\",\"description\":\"Traz a tua ideia e ajudamos-te!\",\"potentialAction\":[{\"@type\":\"SearchAction\",\"target\":{\"@type\":\"EntryPoint\",\"urlTemplate\":\"https:\\\/\\\/synergy-porto.com\\\/?s={search_term_string}\"},\"query-input\":{\"@type\":\"PropertyValueSpecification\",\"valueRequired\":true,\"valueName\":\"search_term_string\"}}],\"inLanguage\":\"en-GB\"}]}<\/script>\n<!-- \/ Yoast SEO plugin. -->","yoast_head_json":{"title":"Portugal 2020 - Synergy","robots":{"index":"index","follow":"follow","max-snippet":"max-snippet:-1","max-image-preview":"max-image-preview:large","max-video-preview":"max-video-preview:-1"},"canonical":"https:\/\/synergy-porto.com\/en\/portugal-2020\/","og_locale":"en_GB","og_type":"article","og_title":"Portugal 2020 - Synergy","og_description":"Designa\u00e7\u00e3o do projeto | Cria\u00e7\u00e3o de Nova Empresa &#8211; Crunchyformula, Unipessoal, Lda C\u00f3digo do projeto | NORTE-07-5141-FEDER-000159 Objetivo principal| Cria\u00e7\u00e3o de Empresa no Setor das Industrias Criativas Regi\u00e3o de interven\u00e7\u00e3o | Norte Entidade benefici\u00e1ria |514558733, CRUNCHYFORMULA &#8211; UNIPESSOAL LDA Data de aprova\u00e7\u00e3o | 22-02-2019Data de in\u00edcio | 16-10-2017 Data de conclus\u00e3o | 15-10-2019Custo total eleg\u00edvel...","og_url":"https:\/\/synergy-porto.com\/en\/portugal-2020\/","og_site_name":"Synergy","article_modified_time":"2021-07-13T10:57:16+00:00","og_image":[{"url":"http:\/\/synergy-porto.com\/wp-content\/uploads\/2020\/01\/image.png","type":"","width":"","height":""}],"twitter_card":"summary_large_image","twitter_misc":{"Estimated reading time":"3 minutes"},"schema":{"@context":"https:\/\/schema.org","@graph":[{"@type":"WebPage","@id":"https:\/\/synergy-porto.com\/en\/portugal-2020\/","url":"https:\/\/synergy-porto.com\/en\/portugal-2020\/","name":"Portugal 2020 - Synergy","isPartOf":{"@id":"https:\/\/synergy-porto.com\/#website"},"primaryImageOfPage":{"@id":"https:\/\/synergy-porto.com\/en\/portugal-2020\/#primaryimage"},"image":{"@id":"https:\/\/synergy-porto.com\/en\/portugal-2020\/#primaryimage"},"thumbnailUrl":"http:\/\/synergy-porto.com\/wp-content\/uploads\/2020\/01\/image.png","datePublished":"2020-01-23T17:47:13+00:00","dateModified":"2021-07-13T10:57:16+00:00","breadcrumb":{"@id":"https:\/\/synergy-porto.com\/en\/portugal-2020\/#breadcrumb"},"inLanguage":"en-GB","potentialAction":[{"@type":"ReadAction","target":["https:\/\/synergy-porto.com\/en\/portugal-2020\/"]}]},{"@type":"ImageObject","inLanguage":"en-GB","@id":"https:\/\/synergy-porto.com\/en\/portugal-2020\/#primaryimage","url":"http:\/\/synergy-porto.com\/wp-content\/uploads\/2020\/01\/image.png","contentUrl":"http:\/\/synergy-porto.com\/wp-content\/uploads\/2020\/01\/image.png"},{"@type":"BreadcrumbList","@id":"https:\/\/synergy-porto.com\/en\/portugal-2020\/#breadcrumb","itemListElement":[{"@type":"ListItem","position":1,"name":"In\u00edcio","item":"https:\/\/synergy-porto.com\/"},{"@type":"ListItem","position":2,"name":"Portugal 2020"}]},{"@type":"WebSite","@id":"https:\/\/synergy-porto.com\/#website","url":"https:\/\/synergy-porto.com\/","name":"Synergy","description":"Traz a tua ideia e ajudamos-te!","potentialAction":[{"@type":"SearchAction","target":{"@type":"EntryPoint","urlTemplate":"https:\/\/synergy-porto.com\/?s={search_term_string}"},"query-input":{"@type":"PropertyValueSpecification","valueRequired":true,"valueName":"search_term_string"}}],"inLanguage":"en-GB"}]}},"_links":{"self":[{"href":"https:\/\/synergy-porto.com\/en\/wp-json\/wp\/v2\/pages\/615","targetHints":{"allow":["GET"]}}],"collection":[{"href":"https:\/\/synergy-porto.com\/en\/wp-json\/wp\/v2\/pages"}],"about":[{"href":"https:\/\/synergy-porto.com\/en\/wp-json\/wp\/v2\/types\/page"}],"author":[{"embeddable":true,"href":"https:\/\/synergy-porto.com\/en\/wp-json\/wp\/v2\/users\/1"}],"replies":[{"embeddable":true,"href":"https:\/\/synergy-porto.com\/en\/wp-json\/wp\/v2\/comments?post=615"}],"version-history":[{"count":0,"href":"https:\/\/synergy-porto.com\/en\/wp-json\/wp\/v2\/pages\/615\/revisions"}],"wp:attachment":[{"href":"https:\/\/synergy-porto.com\/en\/wp-json\/wp\/v2\/media?parent=615"}],"curies":[{"name":"wp","href":"https:\/\/api.w.org\/{rel}","templated":true}]}}